{"id":5256,"date":"2023-01-19T15:34:59","date_gmt":"2023-01-19T18:34:59","guid":{"rendered":"http:\/\/102.165.25.14\/~pramesacom\/?post_type=product&#038;p=5256"},"modified":"2023-02-07T09:43:50","modified_gmt":"2023-02-07T12:43:50","slug":"azeitonas-verdes-sem-caroco-balde-2kg","status":"publish","type":"product","link":"https:\/\/pramesa.com.br\/es\/producto\/azeitonas-verdes-sem-caroco-balde-2kg\/","title":{"rendered":"Azeitonas Verdes Sem Caro\u00e7o Balde 2kg"},"content":{"rendered":"<h2 class=\"wp-block-heading\">INFORMA\u00c7\u00c3O NUTRICIONAL<\/h2>\r\n\r\n\r\n\r\n<p>Por\u00e7\u00e3o de 20g (5 unidades)<\/p>\r\n\r\n\r\n\r\n<figure class=\"wp-block-table\">\r\n<table>\r\n<tbody>\r\n<tr>\r\n<td class=\"has-text-align-left\" data-align=\"left\">Por\u00e7\u00f5es por embalagem: 100<br \/>Por\u00e7\u00e3o: 20g (1 x\u00edcara de ch\u00e1)<\/td>\r\n<td>\u00a0<\/td>\r\n<td>\u00a0<\/td>\r\n<td>\u00a0<\/td>\r\n<\/tr>\r\n<tr>\r\n<td class=\"has-text-align-left\" data-align=\"left\">\u00a0<\/td>\r\n<td>100g<\/td>\r\n<td>20g<\/td>\r\n<td>% VD*<\/td>\r\n<\/tr>\r\n<tr>\r\n<td class=\"has-text-align-left\" data-align=\"left\">Valor Energ\u00e9tico (kcal)<\/td>\r\n<td>181<\/td>\r\n<td>36<\/td>\r\n<td>2<\/td>\r\n<\/tr>\r\n<tr>\r\n<td class=\"has-text-align-left\" data-align=\"left\">Carboidratos (g)<\/td>\r\n<td>4,2<\/td>\r\n<td>0,8<\/td>\r\n<td>0<\/td>\r\n<\/tr>\r\n<tr>\r\n<td class=\"has-text-align-left\" data-align=\"left\">A\u00e7\u00facares Totais (g)<\/td>\r\n<td>0,6<\/td>\r\n<td>0,1<\/td>\r\n<td>\u00a0<\/td>\r\n<\/tr>\r\n<tr>\r\n<td class=\"has-text-align-left\" data-align=\"left\">A\u00e7\u00facares Adicionados (g)<\/td>\r\n<td>0<\/td>\r\n<td>0<\/td>\r\n<td>0<\/td>\r\n<\/tr>\r\n<tr>\r\n<td class=\"has-text-align-left\" data-align=\"left\">Prote\u00ednas (g)<\/td>\r\n<td>1,1<\/td>\r\n<td>0,2<\/td>\r\n<td>0<\/td>\r\n<\/tr>\r\n<tr>\r\n<td class=\"has-text-align-left\" data-align=\"left\">Gorduras Totais (g)<\/td>\r\n<td>17<\/td>\r\n<td>3,4<\/td>\r\n<td>5<\/td>\r\n<\/tr>\r\n<tr>\r\n<td class=\"has-text-align-left\" data-align=\"left\">Gorduras Saturadas (g)<\/td>\r\n<td>2,2<\/td>\r\n<td>0,4<\/td>\r\n<td>2<\/td>\r\n<\/tr>\r\n<tr>\r\n<td class=\"has-text-align-left\" data-align=\"left\">Gorduras Trans (g)<\/td>\r\n<td>0<\/td>\r\n<td>0<\/td>\r\n<td>**<\/td>\r\n<\/tr>\r\n<tr>\r\n<td class=\"has-text-align-left\" data-align=\"left\">Firbas Alimentares (g)<\/td>\r\n<td>3,6<\/td>\r\n<td>0,7<\/td>\r\n<td>3<\/td>\r\n<\/tr>\r\n<tr>\r\n<td class=\"has-text-align-left\" data-align=\"left\">S\u00f3dio (mg)<\/td>\r\n<td>1716<\/td>\r\n<td>343<\/td>\r\n<td>17<\/td>\r\n<\/tr>\r\n<\/tbody>\r\n<\/table>\r\n<figcaption class=\"wp-element-caption\">*Percentual de valores di\u00e1rios fornecidos pela por\u00e7\u00e3o.<\/figcaption>\r\n<\/figure>","protected":false},"excerpt":{"rendered":"<p>Ingredientes: azeitonas verdes ,\u00e1gua, sal, antioxidante \u00e1cido c\u00edtrico, estabilizante cloreto de c\u00e1lcio e conservadores benzoato de s\u00f3dio e sorbato de pot\u00e1ssio. N\u00c3O CONT\u00c9M GL\u00daTEN. Conserva\u00e7\u00e3o: conservar em local seco, fresco e ao abrigo da luz solar. Ap\u00f3s aberto, manter sob refrigera\u00e7\u00e3o no pr\u00f3prio l\u00edquido de cobertura e consumir em at\u00e9 15 dias.<\/p>","protected":false},"featured_media":5354,"template":"","meta":[],"product_cat":[75,76,79],"product_tag":[],"aioseo_notices":[],"_links":{"self":[{"href":"https:\/\/pramesa.com.br\/es\/wp-json\/wp\/v2\/product\/5256"}],"collection":[{"href":"https:\/\/pramesa.com.br\/es\/wp-json\/wp\/v2\/product"}],"about":[{"href":"https:\/\/pramesa.com.br\/es\/wp-json\/wp\/v2\/types\/product"}],"wp:featuredmedia":[{"embeddable":true,"href":"https:\/\/pramesa.com.br\/es\/wp-json\/wp\/v2\/media\/5354"}],"wp:attachment":[{"href":"https:\/\/pramesa.com.br\/es\/wp-json\/wp\/v2\/media?parent=5256"}],"wp:term":[{"taxonomy":"product_cat","embeddable":true,"href":"https:\/\/pramesa.com.br\/es\/wp-json\/wp\/v2\/product_cat?post=5256"},{"taxonomy":"product_tag","embeddable":true,"href":"https:\/\/pramesa.com.br\/es\/wp-json\/wp\/v2\/product_tag?post=5256"}],"curies":[{"name":"wp","href":"https:\/\/api.w.org\/{rel}","templated":true}]}}