{"id":5242,"date":"2023-01-18T14:48:46","date_gmt":"2023-01-18T17:48:46","guid":{"rendered":"http:\/\/102.165.25.14\/~pramesacom\/?post_type=product&#038;p=5242"},"modified":"2025-07-18T11:23:23","modified_gmt":"2025-07-18T14:23:23","slug":"uva-passa-sem-caroco-200g","status":"publish","type":"product","link":"https:\/\/pramesa.com.br\/es\/producto\/uva-passa-sem-caroco-200g\/","title":{"rendered":"Uva Passa Sem Caro\u00e7o 200g"},"content":{"rendered":"<h2 class=\"wp-block-heading\">INFORMA\u00c7\u00c3O NUTRICIONAL<\/h2>\r\n\r\n\r\n\r\n<p>Por\u00e7\u00e3o de 30g (1\/2 x\u00edcara de ch\u00e1)<\/p>\r\n\r\n\r\n\r\n<figure class=\"wp-block-table\">\r\n<table>\r\n<tbody>\r\n<tr>\r\n<td class=\"has-text-align-left\" data-align=\"left\">Por\u00e7\u00f5es por embalagem: 3<br \/>Por\u00e7\u00e3o: 30g (3 colheres de sopa)<\/td>\r\n<td>\u00a0<\/td>\r\n<td>\u00a0<\/td>\r\n<td>\u00a0<\/td>\r\n<\/tr>\r\n<tr>\r\n<td class=\"has-text-align-left\" data-align=\"left\">\u00a0<\/td>\r\n<td>100g<\/td>\r\n<td>30g<\/td>\r\n<td>% VD*<\/td>\r\n<\/tr>\r\n<tr>\r\n<td class=\"has-text-align-left\" data-align=\"left\">Valor Energ\u00e9tico (kcal)<\/td>\r\n<td>328<\/td>\r\n<td>100<\/td>\r\n<td>5<\/td>\r\n<\/tr>\r\n<tr>\r\n<td class=\"has-text-align-left\" data-align=\"left\">Carboidratos (g)<\/td>\r\n<td>79<\/td>\r\n<td>24<\/td>\r\n<td>8<\/td>\r\n<\/tr>\r\n<tr>\r\n<td class=\"has-text-align-left\" data-align=\"left\">A\u00e7\u00facares Totais (g)<\/td>\r\n<td>59<\/td>\r\n<td>18<\/td>\r\n<td>\u00a0<\/td>\r\n<\/tr>\r\n<tr>\r\n<td class=\"has-text-align-left\" data-align=\"left\">Prote\u00ednas (g)<\/td>\r\n<td>3<\/td>\r\n<td>0,9<\/td>\r\n<td>2<\/td>\r\n<\/tr>\r\n<tr>\r\n<td class=\"has-text-align-left\" data-align=\"left\">Firbas Alimentares (g)<\/td>\r\n<td>3,7<\/td>\r\n<td>1,1<\/td>\r\n<td>4<\/td>\r\n<\/tr>\r\n<tr>\r\n<td class=\"has-text-align-left\" data-align=\"left\">S\u00f3dio (mg)<\/td>\r\n<td>11<\/td>\r\n<td>3,3<\/td>\r\n<td>0<\/td>\r\n<\/tr>\r\n<\/tbody>\r\n<\/table>\r\n<figcaption class=\"wp-element-caption\">*Percentual de valores di\u00e1rios fornecidos pela por\u00e7\u00e3o.<\/figcaption>\r\n<\/figure>","protected":false},"excerpt":{"rendered":"<p>Ingredientes: Uva passa escura sem semente. N\u00c3O CONT\u00c9M GL\u00daTEN. Conserva\u00e7\u00e3o: Conservar em local seco, fresco e sob temperatura ambiente. Ap\u00f3s aberto, transferir para um reservat\u00f3rio com tampa e consumir em at\u00e9 15 dias.<\/p>","protected":false},"featured_media":5370,"template":"","meta":[],"product_cat":[77],"product_tag":[],"aioseo_notices":[],"_links":{"self":[{"href":"https:\/\/pramesa.com.br\/es\/wp-json\/wp\/v2\/product\/5242"}],"collection":[{"href":"https:\/\/pramesa.com.br\/es\/wp-json\/wp\/v2\/product"}],"about":[{"href":"https:\/\/pramesa.com.br\/es\/wp-json\/wp\/v2\/types\/product"}],"wp:featuredmedia":[{"embeddable":true,"href":"https:\/\/pramesa.com.br\/es\/wp-json\/wp\/v2\/media\/5370"}],"wp:attachment":[{"href":"https:\/\/pramesa.com.br\/es\/wp-json\/wp\/v2\/media?parent=5242"}],"wp:term":[{"taxonomy":"product_cat","embeddable":true,"href":"https:\/\/pramesa.com.br\/es\/wp-json\/wp\/v2\/product_cat?post=5242"},{"taxonomy":"product_tag","embeddable":true,"href":"https:\/\/pramesa.com.br\/es\/wp-json\/wp\/v2\/product_tag?post=5242"}],"curies":[{"name":"wp","href":"https:\/\/api.w.org\/{rel}","templated":true}]}}