{"id":5203,"date":"2023-01-17T17:32:28","date_gmt":"2023-01-17T20:32:28","guid":{"rendered":"http:\/\/102.165.25.14\/~pramesacom\/?post_type=product&#038;p=5203"},"modified":"2023-07-13T16:32:44","modified_gmt":"2023-07-13T19:32:44","slug":"azeitonas-verdes-pretas-palistinha-80g","status":"publish","type":"product","link":"https:\/\/pramesa.com.br\/es\/producto\/azeitonas-verdes-pretas-palistinha-80g\/","title":{"rendered":"Azeitonas Verdes Pretas Palistinha 80g"},"content":{"rendered":"<h2 class=\"wp-block-heading\">INFORMA\u00c7\u00c3O NUTRICIONAL<\/h2>\n\n\n\n<p>Por\u00e7\u00e3o de 20g (5 unidades)<\/p>\n\n\n\n<figure class=\"wp-block-table\"><table><tbody><tr><td class=\"has-text-align-left\" data-align=\"left\">Por\u00e7\u00f5es por embalagem: 4<br>Por\u00e7\u00e3o: 20g (1 x\u00edcara de ch\u00e1)<\/td><td>&nbsp;<\/td><td>&nbsp;<\/td><td>&nbsp;<\/td><\/tr><tr><td class=\"has-text-align-left\" data-align=\"left\">&nbsp;<\/td><td>100g<\/td><td>20g<\/td><td>% VD*<\/td><\/tr><tr><td class=\"has-text-align-left\" data-align=\"left\">Valor Energ\u00e9tico (kcal)<\/td><td>181<\/td><td>36<\/td><td>2<\/td><\/tr><tr><td class=\"has-text-align-left\" data-align=\"left\">Carboidratos (g)<\/td><td>4,2<\/td><td>0,8<\/td><td>0<\/td><\/tr><tr><td class=\"has-text-align-left\" data-align=\"left\">A\u00e7\u00facares Totais (g)<\/td><td>0,6<\/td><td>0,1<\/td><td>&nbsp;<\/td><\/tr><tr><td class=\"has-text-align-left\" data-align=\"left\">A\u00e7\u00facares Adicionados (g)<\/td><td>0<\/td><td>0<\/td><td>0<\/td><\/tr><tr><td class=\"has-text-align-left\" data-align=\"left\">Prote\u00ednas (g)<\/td><td>1,1<\/td><td>0,2<\/td><td>0<\/td><\/tr><tr><td class=\"has-text-align-left\" data-align=\"left\">Gorduras Totais (g)<\/td><td>17<\/td><td>3,4<\/td><td>5<\/td><\/tr><tr><td class=\"has-text-align-left\" data-align=\"left\">Gorduras Saturadas (g)<\/td><td>2,2<\/td><td>0,4<\/td><td>2<\/td><\/tr><tr><td class=\"has-text-align-left\" data-align=\"left\">Gorduras Trans (g)<\/td><td>0<\/td><td>0<\/td><td>**<\/td><\/tr><tr><td class=\"has-text-align-left\" data-align=\"left\">Firbas Alimentares (g)<\/td><td>3,6<\/td><td>0,7<\/td><td>3<\/td><\/tr><tr><td class=\"has-text-align-left\" data-align=\"left\">S\u00f3dio (mg)<\/td><td>1716<\/td><td>343<\/td><td>17<\/td><\/tr><\/tbody><\/table><figcaption class=\"wp-element-caption\">*Percentual de valores di\u00e1rios fornecidos pela por\u00e7\u00e3o.<\/figcaption><\/figure>","protected":false},"excerpt":{"rendered":"<p>Ingredientes: azeitonas pretas,\u00e1gua, sal, antioxidante \u00e1cido c\u00edtrico, estabilizante cloreto de c\u00e1lcio e conservadores benzoato de s\u00f3dio e sorbato de pot\u00e1ssio. N\u00c3O CONT\u00c9M GL\u00daTEN. Conserva\u00e7\u00e3o: conservar em local seco, fresco e ao abrigo da luz solar. Ap\u00f3s aberto, manter sob refrigera\u00e7\u00e3o no pr\u00f3prio l\u00edquido de cobertura e consumir em at\u00e9 15 dias.<\/p>","protected":false},"featured_media":5803,"template":"","meta":[],"product_cat":[75,76,82],"product_tag":[],"aioseo_notices":[],"_links":{"self":[{"href":"https:\/\/pramesa.com.br\/es\/wp-json\/wp\/v2\/product\/5203"}],"collection":[{"href":"https:\/\/pramesa.com.br\/es\/wp-json\/wp\/v2\/product"}],"about":[{"href":"https:\/\/pramesa.com.br\/es\/wp-json\/wp\/v2\/types\/product"}],"wp:featuredmedia":[{"embeddable":true,"href":"https:\/\/pramesa.com.br\/es\/wp-json\/wp\/v2\/media\/5803"}],"wp:attachment":[{"href":"https:\/\/pramesa.com.br\/es\/wp-json\/wp\/v2\/media?parent=5203"}],"wp:term":[{"taxonomy":"product_cat","embeddable":true,"href":"https:\/\/pramesa.com.br\/es\/wp-json\/wp\/v2\/product_cat?post=5203"},{"taxonomy":"product_tag","embeddable":true,"href":"https:\/\/pramesa.com.br\/es\/wp-json\/wp\/v2\/product_tag?post=5203"}],"curies":[{"name":"wp","href":"https:\/\/api.w.org\/{rel}","templated":true}]}}