{"id":5190,"date":"2023-01-17T11:32:23","date_gmt":"2023-01-17T14:32:23","guid":{"rendered":"http:\/\/102.165.25.14\/~pramesacom\/?post_type=product&#038;p=5190"},"modified":"2025-07-18T16:03:41","modified_gmt":"2025-07-18T19:03:41","slug":"dueto-ervilha-e-milho-170g","status":"publish","type":"product","link":"https:\/\/pramesa.com.br\/es\/producto\/dueto-ervilha-e-milho-170g\/","title":{"rendered":"Dueto &#8211; Ervilha e Milho 170g"},"content":{"rendered":"<h2 class=\"wp-block-heading\">INFORMA\u00c7\u00c3O NUTRICIONAL<\/h2>\r\n\r\n\r\n\r\n<p>Por\u00e7\u00e3o de 130g (1 x\u00edcara de ch\u00e1)<\/p>\r\n\r\n\r\n\r\n<figure class=\"wp-block-table\">\r\n<table>\r\n<tbody>\r\n<tr>\r\n<td class=\"has-text-align-left\" data-align=\"left\">Por\u00e7\u00f5es por embalagem: 1<br \/>Por\u00e7\u00e3o: 130g (1 x\u00edcara de ch\u00e1)<\/td>\r\n<td>\u00a0<\/td>\r\n<td>\u00a0<\/td>\r\n<td>\u00a0<\/td>\r\n<\/tr>\r\n<tr>\r\n<td class=\"has-text-align-left\" data-align=\"left\">\u00a0<\/td>\r\n<td>100g<\/td>\r\n<td>130g<\/td>\r\n<td>% VD*<\/td>\r\n<\/tr>\r\n<tr>\r\n<td class=\"has-text-align-left\" data-align=\"left\">Valor Energ\u00e9tico (kcal)<\/td>\r\n<td>0<\/td>\r\n<td>116<\/td>\r\n<td>6<\/td>\r\n<\/tr>\r\n<tr>\r\n<td class=\"has-text-align-left\" data-align=\"left\">Carboidratos (g)<\/td>\r\n<td>0<\/td>\r\n<td>19<\/td>\r\n<td>6<\/td>\r\n<\/tr>\r\n<tr>\r\n<td class=\"has-text-align-left\" data-align=\"left\">Prote\u00ednas (g)<\/td>\r\n<td>0<\/td>\r\n<td>6,6<\/td>\r\n<td>9<\/td>\r\n<\/tr>\r\n<tr>\r\n<td class=\"has-text-align-left\" data-align=\"left\">Gorduras Totais (g)<\/td>\r\n<td>\u00a0<\/td>\r\n<td>1,5<\/td>\r\n<td>3<\/td>\r\n<\/tr>\r\n<tr>\r\n<td class=\"has-text-align-left\" data-align=\"left\">Gorduras Saturadas (g)<\/td>\r\n<td>\u00a0<\/td>\r\n<td>0,3<\/td>\r\n<td>1<\/td>\r\n<\/tr>\r\n<tr>\r\n<td class=\"has-text-align-left\" data-align=\"left\">Gorduras Trans (g)<\/td>\r\n<td>\u00a0<\/td>\r\n<td>0<\/td>\r\n<td>**<\/td>\r\n<\/tr>\r\n<tr>\r\n<td class=\"has-text-align-left\" data-align=\"left\">Firbas Alimentares (g)<\/td>\r\n<td>0<\/td>\r\n<td>3<\/td>\r\n<td>12<\/td>\r\n<\/tr>\r\n<tr>\r\n<td class=\"has-text-align-left\" data-align=\"left\">S\u00f3dio (mg)<\/td>\r\n<td>0<\/td>\r\n<td>325<\/td>\r\n<td>14<\/td>\r\n<\/tr>\r\n<\/tbody>\r\n<\/table>\r\n<figcaption class=\"wp-element-caption\">*Percentual de valores di\u00e1rios fornecidos pela por\u00e7\u00e3o.<\/figcaption>\r\n<\/figure>","protected":false},"excerpt":{"rendered":"<p>Ingredientes: ervilhas reidratadas, milho \u00e1gua e sal. N\u00c3O CONT\u00c9M GL\u00daTEN. Conserva\u00e7\u00e3o: manter o recipiente em local fresco, arejado e sombreado. Ap\u00f3s aberto, conservar sob refrigera\u00e7\u00e3o e consumir em at\u00e9 2 dias.<\/p>","protected":false},"featured_media":7557,"template":"","meta":[],"product_cat":[76],"product_tag":[],"aioseo_notices":[],"_links":{"self":[{"href":"https:\/\/pramesa.com.br\/es\/wp-json\/wp\/v2\/product\/5190"}],"collection":[{"href":"https:\/\/pramesa.com.br\/es\/wp-json\/wp\/v2\/product"}],"about":[{"href":"https:\/\/pramesa.com.br\/es\/wp-json\/wp\/v2\/types\/product"}],"wp:featuredmedia":[{"embeddable":true,"href":"https:\/\/pramesa.com.br\/es\/wp-json\/wp\/v2\/media\/7557"}],"wp:attachment":[{"href":"https:\/\/pramesa.com.br\/es\/wp-json\/wp\/v2\/media?parent=5190"}],"wp:term":[{"taxonomy":"product_cat","embeddable":true,"href":"https:\/\/pramesa.com.br\/es\/wp-json\/wp\/v2\/product_cat?post=5190"},{"taxonomy":"product_tag","embeddable":true,"href":"https:\/\/pramesa.com.br\/es\/wp-json\/wp\/v2\/product_tag?post=5190"}],"curies":[{"name":"wp","href":"https:\/\/api.w.org\/{rel}","templated":true}]}}