{"id":5169,"date":"2023-01-16T17:11:08","date_gmt":"2023-01-16T20:11:08","guid":{"rendered":"http:\/\/102.165.25.14\/~pramesacom\/?post_type=product&#038;p=5169"},"modified":"2025-07-18T16:47:04","modified_gmt":"2025-07-18T19:47:04","slug":"champignon-sache-inteiro-conserva-100g","status":"publish","type":"product","link":"https:\/\/pramesa.com.br\/es\/producto\/champignon-sache-inteiro-conserva-100g\/","title":{"rendered":"Champignon Sach\u00ea Inteiro Conserva 100g"},"content":{"rendered":"<h2 class=\"wp-block-heading\">INFORMA\u00c7\u00c3O NUTRICIONAL<\/h2>\r\n\r\n\r\n\r\n<p>Por\u00e7\u00e3o de 50g (5 unidades)<\/p>\r\n\r\n\r\n\r\n<figure class=\"wp-block-table\">\r\n<table>\r\n<tbody>\r\n<tr>\r\n<td class=\"has-text-align-left\" data-align=\"left\">Por\u00e7\u00f5es por embalagem: 25<br \/>Por\u00e7\u00e3o: 50g (5 unidades)<\/td>\r\n<td>\u00a0<\/td>\r\n<td>\u00a0<\/td>\r\n<td>\u00a0<\/td>\r\n<\/tr>\r\n<tr>\r\n<td class=\"has-text-align-left\" data-align=\"left\">\u00a0<\/td>\r\n<td>100g<\/td>\r\n<td>50g<\/td>\r\n<td>% VD*<\/td>\r\n<\/tr>\r\n<tr>\r\n<td class=\"has-text-align-left\" data-align=\"left\">Valor Energ\u00e9tico (kcal)<\/td>\r\n<td>18<\/td>\r\n<td>9<\/td>\r\n<td>0<\/td>\r\n<\/tr>\r\n<tr>\r\n<td class=\"has-text-align-left\" data-align=\"left\">Carboidratos (g)<\/td>\r\n<td>2,8<\/td>\r\n<td>1,4<\/td>\r\n<td>0<\/td>\r\n<\/tr>\r\n<tr>\r\n<td class=\"has-text-align-left\" data-align=\"left\">A\u00e7\u00facares Totais (g)<\/td>\r\n<td>1,2<\/td>\r\n<td>0,6<\/td>\r\n<td>\u00a0<\/td>\r\n<\/tr>\r\n<tr>\r\n<td class=\"has-text-align-left\" data-align=\"left\">Prote\u00ednas (g)<\/td>\r\n<td>1,1<\/td>\r\n<td>0,6<\/td>\r\n<td>1<\/td>\r\n<\/tr>\r\n<tr>\r\n<td class=\"has-text-align-left\" data-align=\"left\">Firbas Alimentares (g)<\/td>\r\n<td>1,1<\/td>\r\n<td>0,6<\/td>\r\n<td>2<\/td>\r\n<\/tr>\r\n<tr>\r\n<td class=\"has-text-align-left\" data-align=\"left\">S\u00f3dio (mg)<\/td>\r\n<td>817<\/td>\r\n<td>408<\/td>\r\n<td>20<\/td>\r\n<\/tr>\r\n<\/tbody>\r\n<\/table>\r\n<figcaption class=\"wp-element-caption\">N\u00e3o cont\u00e9m quantidades significativas de gorduras totais, gorduras saturadas e gorduras trans.<br \/>*Percentual de valores di\u00e1rios fornecidos pela por\u00e7\u00e3o.<\/figcaption>\r\n<\/figure>","protected":false},"excerpt":{"rendered":"<p>Ingredientes: Champignon, sal, antioxidantes \u00e1cido c\u00edtrico, \u00e1cido asc\u00f3rbico e metabissulfito de s\u00f3dio e conservadores benzoato des\u00f3dio e sorbato de pot\u00e1ssio. N\u00c3O CONT\u00c9M GL\u00daTEN. Conserva\u00e7\u00e3o: Manter o recipiente em local fresco, arejado e sombreado. Ap\u00f3s aberto conservar no pr\u00f3prio l\u00edquido de cobertura sob refrigera\u00e7\u00e3o e consumir em at\u00e9 5 dias. Antes de consumir, ferver em \u00e1gua pot\u00e1vel por 15 minutos.<\/p>","protected":false},"featured_media":7567,"template":"","meta":[],"product_cat":[76],"product_tag":[],"aioseo_notices":[],"_links":{"self":[{"href":"https:\/\/pramesa.com.br\/es\/wp-json\/wp\/v2\/product\/5169"}],"collection":[{"href":"https:\/\/pramesa.com.br\/es\/wp-json\/wp\/v2\/product"}],"about":[{"href":"https:\/\/pramesa.com.br\/es\/wp-json\/wp\/v2\/types\/product"}],"wp:featuredmedia":[{"embeddable":true,"href":"https:\/\/pramesa.com.br\/es\/wp-json\/wp\/v2\/media\/7567"}],"wp:attachment":[{"href":"https:\/\/pramesa.com.br\/es\/wp-json\/wp\/v2\/media?parent=5169"}],"wp:term":[{"taxonomy":"product_cat","embeddable":true,"href":"https:\/\/pramesa.com.br\/es\/wp-json\/wp\/v2\/product_cat?post=5169"},{"taxonomy":"product_tag","embeddable":true,"href":"https:\/\/pramesa.com.br\/es\/wp-json\/wp\/v2\/product_tag?post=5169"}],"curies":[{"name":"wp","href":"https:\/\/api.w.org\/{rel}","templated":true}]}}