{"id":5156,"date":"2023-01-16T15:22:14","date_gmt":"2023-01-16T18:22:14","guid":{"rendered":"http:\/\/102.165.25.14\/~pramesacom\/?post_type=product&#038;p=5156"},"modified":"2023-07-13T16:15:39","modified_gmt":"2023-07-13T19:15:39","slug":"maionese-200g","status":"publish","type":"product","link":"https:\/\/pramesa.com.br\/es\/producto\/maionese-200g\/","title":{"rendered":"Maionese\u00a0200g"},"content":{"rendered":"<h2 class=\"wp-block-heading\">INFORMA\u00c7\u00c3O NUTRICIONAL<\/h2>\n\n\n\n<p>Por\u00e7\u00e3o de 12g (1 colher de sopa)<\/p>\n\n\n\n<figure class=\"wp-block-table\"><table><tbody><tr><td class=\"has-text-align-left\" data-align=\"left\">Por\u00e7\u00f5es por embalagem: 25<br>Por\u00e7\u00e3o: 12g (1 colher de sopa)<\/td><td>&nbsp;<\/td><td>&nbsp;<\/td><td>&nbsp;<\/td><\/tr><tr><td class=\"has-text-align-left\" data-align=\"left\">&nbsp;<\/td><td>100g<\/td><td>12g<\/td><td>% VD*<\/td><\/tr><tr><td class=\"has-text-align-left\" data-align=\"left\">Valor Energ\u00e9tico (kcal)<\/td><td>71<\/td><td>9<\/td><td>0<\/td><\/tr><tr><td class=\"has-text-align-left\" data-align=\"left\">Carboidratos (g)<\/td><td>11<\/td><td>1,3<\/td><td>0<\/td><\/tr><tr><td class=\"has-text-align-left\" data-align=\"left\">A\u00e7\u00facares Totais (g)<\/td><td>3<\/td><td>0,4<\/td><td>1<\/td><\/tr><tr><td class=\"has-text-align-left\" data-align=\"left\">A\u00e7\u00facares Adicionados (g)<\/td><td>3<\/td><td>0,4<\/td><td>0<\/td><\/tr><tr><td class=\"has-text-align-left\" data-align=\"left\">Prote\u00ednas (g)<\/td><td>1,5<\/td><td>0,2<\/td><td>0<\/td><\/tr><tr><td class=\"has-text-align-left\" data-align=\"left\">Gorduras Totais<\/td><td>2,1<\/td><td>0,3<\/td><td>0<\/td><\/tr><tr><td class=\"has-text-align-left\" data-align=\"left\">Gorduras Saturadas<\/td><td>0,2<\/td><td>0<\/td><td>0<\/td><\/tr><tr><td class=\"has-text-align-left\" data-align=\"left\">Gorduras Trans<\/td><td>0<\/td><td>0<\/td><td>0<\/td><\/tr><tr><td class=\"has-text-align-left\" data-align=\"left\">Firbas Alimentares (g)<\/td><td>1,1<\/td><td>0,1<\/td><td>&nbsp;<\/td><\/tr><tr><td class=\"has-text-align-left\" data-align=\"left\">S\u00f3dio (mg)<\/td><td>1100<\/td><td>132<\/td><td>7<\/td><\/tr><\/tbody><\/table><figcaption class=\"wp-element-caption\">N\u00e3o cont\u00e9m quantidades significativas de gorduras totais, gorduras saturadas, gorduras trans e fibras alimentares.<br>*Percentual de valores di\u00e1rios fornecidos pela por\u00e7\u00e3o.<\/figcaption><\/figure>","protected":false},"excerpt":{"rendered":"<p>Ingredientes: \u00e1gua, vinagre, mostarda amarela, sal, c\u00farcuma, a\u00e7\u00facar, amido modificado, cebola, alho, cominho, noz moscada, estabilizantes goma xantana e goma guar, conservadores benzoato de s\u00f3dio e sorbato de pot\u00e1ssio e aroma artificial de mostarda. N\u00c3O CONT\u00c9M GL\u00daTEN. Conserva\u00e7\u00e3o: Conservar em local seco e fresco. Ap\u00f3s aberto, manter sob refrigera\u00e7\u00e3o e consumir em at\u00e9 30 dias.<\/p>","protected":false},"featured_media":5801,"template":"","meta":[],"product_cat":[81],"product_tag":[],"aioseo_notices":[],"_links":{"self":[{"href":"https:\/\/pramesa.com.br\/es\/wp-json\/wp\/v2\/product\/5156"}],"collection":[{"href":"https:\/\/pramesa.com.br\/es\/wp-json\/wp\/v2\/product"}],"about":[{"href":"https:\/\/pramesa.com.br\/es\/wp-json\/wp\/v2\/types\/product"}],"wp:featuredmedia":[{"embeddable":true,"href":"https:\/\/pramesa.com.br\/es\/wp-json\/wp\/v2\/media\/5801"}],"wp:attachment":[{"href":"https:\/\/pramesa.com.br\/es\/wp-json\/wp\/v2\/media?parent=5156"}],"wp:term":[{"taxonomy":"product_cat","embeddable":true,"href":"https:\/\/pramesa.com.br\/es\/wp-json\/wp\/v2\/product_cat?post=5156"},{"taxonomy":"product_tag","embeddable":true,"href":"https:\/\/pramesa.com.br\/es\/wp-json\/wp\/v2\/product_tag?post=5156"}],"curies":[{"name":"wp","href":"https:\/\/api.w.org\/{rel}","templated":true}]}}