{"id":3618,"date":"2022-07-27T12:37:52","date_gmt":"2022-07-27T15:37:52","guid":{"rendered":"https:\/\/pramesa.owlinterativa.com.br\/?post_type=product&#038;p=3618"},"modified":"2023-02-14T15:59:28","modified_gmt":"2023-02-14T18:59:28","slug":"ketchup-picante-400g","status":"publish","type":"product","link":"https:\/\/pramesa.com.br\/es\/producto\/ketchup-picante-400g\/","title":{"rendered":"Ketchup Picante\u00a0300g"},"content":{"rendered":"<h2 class=\"wp-block-heading\">INFORMA\u00c7\u00c3O NUTRICIONAL<\/h2>\r\n\r\n\r\n\r\n<p>Por\u00e7\u00e3o de 12g (1 colher de sopa)<\/p>\r\n\r\n\r\n\r\n<figure class=\"wp-block-table\">\r\n<table>\r\n<tbody>\r\n<tr>\r\n<td class=\"has-text-align-left\" data-align=\"left\">Por\u00e7\u00f5es por embalagem: 25<br \/>Por\u00e7\u00e3o: 12g (1 colher de sopa)<\/td>\r\n<td>\u00a0<\/td>\r\n<td>\u00a0<\/td>\r\n<td>\u00a0<\/td>\r\n<\/tr>\r\n<tr>\r\n<td class=\"has-text-align-left\" data-align=\"left\">\u00a0<\/td>\r\n<td>100g<\/td>\r\n<td>12g<\/td>\r\n<td>% VD*<\/td>\r\n<\/tr>\r\n<tr>\r\n<td class=\"has-text-align-left\" data-align=\"left\">Valor Energ\u00e9tico (kcal)<\/td>\r\n<td>88<\/td>\r\n<td>10<\/td>\r\n<td>1<\/td>\r\n<\/tr>\r\n<tr>\r\n<td class=\"has-text-align-left\" data-align=\"left\">Carboidratos (g)<\/td>\r\n<td>21<\/td>\r\n<td>2,5<\/td>\r\n<td>1<\/td>\r\n<\/tr>\r\n<tr>\r\n<td class=\"has-text-align-left\" data-align=\"left\">A\u00e7\u00facares Totais (g)<\/td>\r\n<td>15<\/td>\r\n<td>1,8<\/td>\r\n<td>\u00a0<\/td>\r\n<\/tr>\r\n<tr>\r\n<td class=\"has-text-align-left\" data-align=\"left\">A\u00e7\u00facares Adicionados (g)<\/td>\r\n<td>12<\/td>\r\n<td>1,4<\/td>\r\n<td>3<\/td>\r\n<\/tr>\r\n<tr>\r\n<td class=\"has-text-align-left\" data-align=\"left\">Prote\u00ednas (g)<\/td>\r\n<td>0,9<\/td>\r\n<td>0,1<\/td>\r\n<td>0<\/td>\r\n<\/tr>\r\n<tr>\r\n<td class=\"has-text-align-left\" data-align=\"left\">S\u00f3dio (mg)<\/td>\r\n<td>550<\/td>\r\n<td>66<\/td>\r\n<td>3<\/td>\r\n<\/tr>\r\n<\/tbody>\r\n<\/table>\r\n<figcaption class=\"wp-element-caption\">N\u00e3o cont\u00e9m quantidades significativas de gorduras totais, gorduras saturadas, gorduras trans e fibras alimentares.<br \/>*Percentual de valores di\u00e1rios fornecidos pela por\u00e7\u00e3o.<\/figcaption>\r\n<\/figure>","protected":false},"excerpt":{"rendered":"<p>Ingredientes: \u00e1gua, polpa de tomate, a\u00e7\u00facar, vinagre, amido modificado, polpa de pimenta jalape\u00f1a, sal, pimenta branca em p\u00f3, fibra de mandioca, estabilizante sorbitol, edulcorantes eritritol, xilitol e glicos\u00eddeo de esteviol, real\u00e7ador de sabor glutamato monoss\u00f3dico, espessantes goma xantana e goma guar, conservador sorbato de pot\u00e1ssio e aroma artificial de Ketchup. N\u00c3O CONT\u00c9 GL\u00daTEN. Conserva\u00e7\u00e3o: Conservar em local seco e fresco. Ap\u00f3s aberto, manter sob refrigera\u00e7\u00e3o e consumir em at\u00e9 30 dias.<\/p>","protected":false},"featured_media":5458,"template":"","meta":[],"product_cat":[73,81],"product_tag":[],"aioseo_notices":[],"_links":{"self":[{"href":"https:\/\/pramesa.com.br\/es\/wp-json\/wp\/v2\/product\/3618"}],"collection":[{"href":"https:\/\/pramesa.com.br\/es\/wp-json\/wp\/v2\/product"}],"about":[{"href":"https:\/\/pramesa.com.br\/es\/wp-json\/wp\/v2\/types\/product"}],"wp:featuredmedia":[{"embeddable":true,"href":"https:\/\/pramesa.com.br\/es\/wp-json\/wp\/v2\/media\/5458"}],"wp:attachment":[{"href":"https:\/\/pramesa.com.br\/es\/wp-json\/wp\/v2\/media?parent=3618"}],"wp:term":[{"taxonomy":"product_cat","embeddable":true,"href":"https:\/\/pramesa.com.br\/es\/wp-json\/wp\/v2\/product_cat?post=3618"},{"taxonomy":"product_tag","embeddable":true,"href":"https:\/\/pramesa.com.br\/es\/wp-json\/wp\/v2\/product_tag?post=3618"}],"curies":[{"name":"wp","href":"https:\/\/api.w.org\/{rel}","templated":true}]}}