{"id":8,"date":"2021-03-12T07:21:40","date_gmt":"2021-03-12T07:21:40","guid":{"rendered":"https:\/\/pramesa.owlinterativa.com.br\/index.php\/cart\/"},"modified":"2023-08-08T16:15:35","modified_gmt":"2023-08-08T19:15:35","slug":"carrinho","status":"publish","type":"page","link":"https:\/\/pramesa.com.br\/es\/carrinho\/","title":{"rendered":"Carrinho"},"content":{"rendered":"<spam class=\"bgmsg\"><p class=\"has-text-align-center\"><strong>Importante<\/strong><br>&#8211; N\u00e3o realizamos vendas on line no momento. Ap\u00f3s o envio da sua solicita\u00e7\u00e3o voc\u00ea ser\u00e1 atendido por um dos nossos colaboradores assim que poss\u00edvel<br>&#8211; O Grupo Pramesa n\u00e3o realiza vendas no varejo, sendo assim o produto escolhido e a quantidade referem-se \u00e0 caixas fechadas.<\/p><\/spam>","protected":false},"excerpt":{"rendered":"<p>Importante&#8211; N\u00e3o realizamos vendas on line no momento. Ap\u00f3s o envio da sua solicita\u00e7\u00e3o voc\u00ea ser\u00e1 atendido por um dos nossos colaboradores assim que poss\u00edvel&#8211; O Grupo Pramesa n\u00e3o realiza vendas no varejo, sendo assim o produto escolhido e a quantidade referem-se \u00e0 caixas fechadas.<\/p>","protected":false},"author":1,"featured_media":0,"parent":0,"menu_order":0,"comment_status":"closed","ping_status":"closed","template":"","meta":{"footnotes":""},"aioseo_notices":[],"_links":{"self":[{"href":"https:\/\/pramesa.com.br\/es\/wp-json\/wp\/v2\/pages\/8"}],"collection":[{"href":"https:\/\/pramesa.com.br\/es\/wp-json\/wp\/v2\/pages"}],"about":[{"href":"https:\/\/pramesa.com.br\/es\/wp-json\/wp\/v2\/types\/page"}],"author":[{"embeddable":true,"href":"https:\/\/pramesa.com.br\/es\/wp-json\/wp\/v2\/users\/1"}],"replies":[{"embeddable":true,"href":"https:\/\/pramesa.com.br\/es\/wp-json\/wp\/v2\/comments?post=8"}],"version-history":[{"count":5,"href":"https:\/\/pramesa.com.br\/es\/wp-json\/wp\/v2\/pages\/8\/revisions"}],"predecessor-version":[{"id":5860,"href":"https:\/\/pramesa.com.br\/es\/wp-json\/wp\/v2\/pages\/8\/revisions\/5860"}],"wp:attachment":[{"href":"https:\/\/pramesa.com.br\/es\/wp-json\/wp\/v2\/media?parent=8"}],"curies":[{"name":"wp","href":"https:\/\/api.w.org\/{rel}","templated":true}]}}