{"id":5889,"date":"2023-10-18T15:26:56","date_gmt":"2023-10-18T18:26:56","guid":{"rendered":"https:\/\/pramesa.com.br\/?post_type=product&#038;p=5889"},"modified":"2025-07-18T11:13:24","modified_gmt":"2025-07-18T14:13:24","slug":"palmito-picado-300g","status":"publish","type":"product","link":"https:\/\/pramesa.com.br\/en\/product\/palmito-picado-300g\/","title":{"rendered":"Palmito Picado 300g"},"content":{"rendered":"<h2 class=\"wp-block-heading\">NUTRITIONAL INFORMATION<\/h2>\r\n\r\n\r\n\r\n<p>Por\u00e7\u00e3o de 50g (1\/2 x\u00edcara de ch\u00e1)<\/p>\r\n\r\n\r\n\r\n<figure class=\"wp-block-table\">\r\n<table>\r\n<tbody>\r\n<tr>\r\n<td class=\"has-text-align-left\" data-align=\"left\">Por\u00e7\u00f5es por embalagem: 6<br \/>Por\u00e7\u00e3o: 50g (1\/2 x\u00edcara de ch\u00e1)<\/td>\r\n<td>\u00a0<\/td>\r\n<td>\u00a0<\/td>\r\n<td>\u00a0<\/td>\r\n<\/tr>\r\n<tr>\r\n<td class=\"has-text-align-left\" data-align=\"left\">\u00a0<\/td>\r\n<td>100g<\/td>\r\n<td>50g<\/td>\r\n<td>% VD*<\/td>\r\n<\/tr>\r\n<tr>\r\n<td class=\"has-text-align-left\" data-align=\"left\">Valor Energ\u00e9tico (kcal)<\/td>\r\n<td>37<\/td>\r\n<td>19<\/td>\r\n<td>1<\/td>\r\n<\/tr>\r\n<tr>\r\n<td class=\"has-text-align-left\" data-align=\"left\">Carboidratos (g)<\/td>\r\n<td>5,5<\/td>\r\n<td>2,8<\/td>\r\n<td>1<\/td>\r\n<\/tr>\r\n<tr>\r\n<td class=\"has-text-align-left\" data-align=\"left\">Prote\u00ednas (g)<\/td>\r\n<td>2,5<\/td>\r\n<td>1,3<\/td>\r\n<td>3<\/td>\r\n<\/tr>\r\n<tr>\r\n<td class=\"has-text-align-left\" data-align=\"left\">Firbas Alimentares (g)<\/td>\r\n<td>2,6<\/td>\r\n<td>1,3<\/td>\r\n<td>6<\/td>\r\n<\/tr>\r\n<tr>\r\n<td class=\"has-text-align-left\" data-align=\"left\">S\u00f3dio (mg)<\/td>\r\n<td>563<\/td>\r\n<td>282<\/td>\r\n<td>14<\/td>\r\n<\/tr>\r\n<\/tbody>\r\n<\/table>\r\n<figcaption class=\"wp-element-caption\">*Percentual de valores di\u00e1rios fornecidos pela por\u00e7\u00e3o.<\/figcaption>\r\n<\/figure>","protected":false},"excerpt":{"rendered":"<p>Ingredientes: azeitonas verdes ,\u00e1gua, sal, antioxidante \u00e1cido c\u00edtrico, estabilizante cloreto de c\u00e1lcio e conservadores benzoato de s\u00f3dio e sorbato de pot\u00e1ssio. N\u00c3O CONT\u00c9M GL\u00daTEN. Conserva\u00e7\u00e3o: conservar em local seco, fresco e ao abrigo da luz solar. Ap\u00f3s aberto, manter sob refrigera\u00e7\u00e3o no pr\u00f3prio l\u00edquido de cobertura e consumir em at\u00e9 15 dias.<\/p>","protected":false},"featured_media":7526,"template":"","meta":[],"product_cat":[76],"product_tag":[],"aioseo_notices":[],"_links":{"self":[{"href":"https:\/\/pramesa.com.br\/en\/wp-json\/wp\/v2\/product\/5889"}],"collection":[{"href":"https:\/\/pramesa.com.br\/en\/wp-json\/wp\/v2\/product"}],"about":[{"href":"https:\/\/pramesa.com.br\/en\/wp-json\/wp\/v2\/types\/product"}],"wp:featuredmedia":[{"embeddable":true,"href":"https:\/\/pramesa.com.br\/en\/wp-json\/wp\/v2\/media\/7526"}],"wp:attachment":[{"href":"https:\/\/pramesa.com.br\/en\/wp-json\/wp\/v2\/media?parent=5889"}],"wp:term":[{"taxonomy":"product_cat","embeddable":true,"href":"https:\/\/pramesa.com.br\/en\/wp-json\/wp\/v2\/product_cat?post=5889"},{"taxonomy":"product_tag","embeddable":true,"href":"https:\/\/pramesa.com.br\/en\/wp-json\/wp\/v2\/product_tag?post=5889"}],"curies":[{"name":"wp","href":"https:\/\/api.w.org\/{rel}","templated":true}]}}