{"id":5260,"date":"2023-01-19T16:36:54","date_gmt":"2023-01-19T19:36:54","guid":{"rendered":"http:\/\/102.165.25.14\/~pramesacom\/?post_type=product&#038;p=5260"},"modified":"2025-07-18T11:16:47","modified_gmt":"2025-07-18T14:16:47","slug":"batata-chips-original-100g","status":"publish","type":"product","link":"https:\/\/pramesa.com.br\/en\/product\/batata-chips-original-100g\/","title":{"rendered":"Batata Chips Original 100g"},"content":{"rendered":"<h2 class=\"wp-block-heading\">NUTRITIONAL INFORMATION<\/h2>\r\n\r\n\r\n\r\n<p>Por\u00e7\u00e3o de 25g (x\u00edcara)<\/p>\r\n\r\n\r\n\r\n<figure class=\"wp-block-table\">\r\n<table>\r\n<tbody>\r\n<tr>\r\n<td class=\"has-text-align-left\" data-align=\"left\">Por\u00e7\u00f5es por embalagem: 4<br \/>Por\u00e7\u00e3o: 25g (1 x\u00edcara)<\/td>\r\n<td>\u00a0<\/td>\r\n<td>\u00a0<\/td>\r\n<td>\u00a0<\/td>\r\n<\/tr>\r\n<tr>\r\n<td class=\"has-text-align-left\" data-align=\"left\">\u00a0<\/td>\r\n<td>100g<\/td>\r\n<td>25g<\/td>\r\n<td>% VD*<\/td>\r\n<\/tr>\r\n<tr>\r\n<td class=\"has-text-align-left\" data-align=\"left\">Valor Energ\u00e9tico (kcal)<\/td>\r\n<td>0<\/td>\r\n<td>127<\/td>\r\n<td>6<\/td>\r\n<\/tr>\r\n<tr>\r\n<td class=\"has-text-align-left\" data-align=\"left\">Carboidratos (g)<\/td>\r\n<td>0<\/td>\r\n<td>14<\/td>\r\n<td>5<\/td>\r\n<\/tr>\r\n<tr>\r\n<td class=\"has-text-align-left\" data-align=\"left\">Prote\u00ednas (g)<\/td>\r\n<td>0<\/td>\r\n<td>1,5<\/td>\r\n<td>2<\/td>\r\n<\/tr>\r\n<tr>\r\n<td class=\"has-text-align-left\" data-align=\"left\">Gorduras Totais (g)<\/td>\r\n<td>0<\/td>\r\n<td>6,8<\/td>\r\n<td>12<\/td>\r\n<\/tr>\r\n<tr>\r\n<td class=\"has-text-align-left\" data-align=\"left\">Gorduras Saturadas (g)<\/td>\r\n<td>0<\/td>\r\n<td>3,3<\/td>\r\n<td>15<\/td>\r\n<\/tr>\r\n<tr>\r\n<td class=\"has-text-align-left\" data-align=\"left\">Firbas Alimentares (g)<\/td>\r\n<td>0<\/td>\r\n<td>1,4<\/td>\r\n<td>6<\/td>\r\n<\/tr>\r\n<tr>\r\n<td class=\"has-text-align-left\" data-align=\"left\">S\u00f3dio (mg)<\/td>\r\n<td>0<\/td>\r\n<td>229<\/td>\r\n<td>10<\/td>\r\n<\/tr>\r\n<\/tbody>\r\n<\/table>\r\n<figcaption class=\"wp-element-caption\">*Percentual de valores di\u00e1rios fornecidos pela por\u00e7\u00e3o.<\/figcaption>\r\n<\/figure>","protected":false},"excerpt":{"rendered":"<p>Ingredientes: Batata desidratada, \u00f3leo de palma, f\u00e9cula de tapioca, sal, a\u00e7\u00facar, dextrose, pimenta branca em p\u00f3, emulsificantes mono e diglicer\u00eddios de \u00e1cidos graxos e lecitina de soja e antiumectante fosfato tric\u00e1lcico. CONT\u00c9M GL\u00daTEN. AL\u00c9RGICOS: CONT\u00c9M DERIVADOS DE SOJA. PODE CONTER DERIVADOS DE LEITE, TRIGO, CENTEIO, CEVADA E AVEIA. Conserva\u00e7\u00e3o: Conservar em local seco e fresco. Ap\u00f3s aberto, consumir imediatamente.<\/p>","protected":false},"featured_media":7531,"template":"","meta":[],"product_cat":[197,85],"product_tag":[],"aioseo_notices":[],"_links":{"self":[{"href":"https:\/\/pramesa.com.br\/en\/wp-json\/wp\/v2\/product\/5260"}],"collection":[{"href":"https:\/\/pramesa.com.br\/en\/wp-json\/wp\/v2\/product"}],"about":[{"href":"https:\/\/pramesa.com.br\/en\/wp-json\/wp\/v2\/types\/product"}],"wp:featuredmedia":[{"embeddable":true,"href":"https:\/\/pramesa.com.br\/en\/wp-json\/wp\/v2\/media\/7531"}],"wp:attachment":[{"href":"https:\/\/pramesa.com.br\/en\/wp-json\/wp\/v2\/media?parent=5260"}],"wp:term":[{"taxonomy":"product_cat","embeddable":true,"href":"https:\/\/pramesa.com.br\/en\/wp-json\/wp\/v2\/product_cat?post=5260"},{"taxonomy":"product_tag","embeddable":true,"href":"https:\/\/pramesa.com.br\/en\/wp-json\/wp\/v2\/product_tag?post=5260"}],"curies":[{"name":"wp","href":"https:\/\/api.w.org\/{rel}","templated":true}]}}