{"id":5247,"date":"2023-01-18T16:32:41","date_gmt":"2023-01-18T19:32:41","guid":{"rendered":"http:\/\/102.165.25.14\/~pramesacom\/?post_type=product&#038;p=5247"},"modified":"2023-02-07T09:50:15","modified_gmt":"2023-02-07T12:50:15","slug":"coco-ralado-umido-e-adocado-100g","status":"publish","type":"product","link":"https:\/\/pramesa.com.br\/en\/product\/coco-ralado-umido-e-adocado-100g\/","title":{"rendered":"Coco Ralado \u00damido e Ado\u00e7ado 100g"},"content":{"rendered":"<h2 class=\"wp-block-heading\">NUTRITIONAL INFORMATION<\/h2>\r\n\r\n\r\n\r\n<p>Por\u00e7\u00e3o de 12g (2 colheres de sopa)<\/p>\r\n\r\n\r\n\r\n<figure class=\"wp-block-table\">\r\n<table>\r\n<tbody>\r\n<tr>\r\n<td class=\"has-text-align-left\" data-align=\"left\">Por\u00e7\u00f5es por embalagem: 8<br \/>Por\u00e7\u00e3o: 12g (2 colheres de sopa)<\/td>\r\n<td>\u00a0<\/td>\r\n<td>\u00a0<\/td>\r\n<td>\u00a0<\/td>\r\n<\/tr>\r\n<tr>\r\n<td class=\"has-text-align-left\" data-align=\"left\">\u00a0<\/td>\r\n<td>100g<\/td>\r\n<td>12g<\/td>\r\n<td>% VD*<\/td>\r\n<\/tr>\r\n<tr>\r\n<td class=\"has-text-align-left\" data-align=\"left\">Valor Energ\u00e9tico (kcal)<\/td>\r\n<td>474<\/td>\r\n<td>57<\/td>\r\n<td>3<\/td>\r\n<\/tr>\r\n<tr>\r\n<td class=\"has-text-align-left\" data-align=\"left\">Carboidratos (g)<\/td>\r\n<td>61<\/td>\r\n<td>7,3<\/td>\r\n<td>2<\/td>\r\n<\/tr>\r\n<tr>\r\n<td class=\"has-text-align-left\" data-align=\"left\">A\u00e7\u00facares Totais (g)<\/td>\r\n<td>56<\/td>\r\n<td>6,7<\/td>\r\n<td>\u00a0<\/td>\r\n<\/tr>\r\n<tr>\r\n<td class=\"has-text-align-left\" data-align=\"left\">A\u00e7\u00facares Adicionados (g)<\/td>\r\n<td>52<\/td>\r\n<td>6,2<\/td>\r\n<td>12<\/td>\r\n<\/tr>\r\n<tr>\r\n<td class=\"has-text-align-left\" data-align=\"left\">Prote\u00ednas (g)<\/td>\r\n<td>3,6<\/td>\r\n<td>0,4<\/td>\r\n<td>1<\/td>\r\n<\/tr>\r\n<tr>\r\n<td class=\"has-text-align-left\" data-align=\"left\">Gorduras Totais (g)<\/td>\r\n<td>24<\/td>\r\n<td>2,9<\/td>\r\n<td>4<\/td>\r\n<\/tr>\r\n<tr>\r\n<td class=\"has-text-align-left\" data-align=\"left\">Gorduras Saturadas (g)<\/td>\r\n<td>20<\/td>\r\n<td>2,4<\/td>\r\n<td>12<\/td>\r\n<\/tr>\r\n<tr>\r\n<td class=\"has-text-align-left\" data-align=\"left\">Gorduras Trans (g)<\/td>\r\n<td>0<\/td>\r\n<td>0<\/td>\r\n<td>0<\/td>\r\n<\/tr>\r\n<tr>\r\n<td class=\"has-text-align-left\" data-align=\"left\">Fibras Alimentares (g)<\/td>\r\n<td>44<\/td>\r\n<td>0,5<\/td>\r\n<td>2<\/td>\r\n<\/tr>\r\n<tr>\r\n<td class=\"has-text-align-left\" data-align=\"left\">S\u00f3dio (mg)<\/td>\r\n<td>191<\/td>\r\n<td>23<\/td>\r\n<td>1<\/td>\r\n<\/tr>\r\n<\/tbody>\r\n<\/table>\r\n<figcaption class=\"wp-element-caption\">*Percentual de valores di\u00e1rios fornecidos pela por\u00e7\u00e3o.<\/figcaption>\r\n<\/figure>","protected":false},"excerpt":{"rendered":"<p>Ingredientes: coco ralado, a\u00e7\u00facar, sal, umectante propileno glicol, antioxidante \u00e1cido c\u00edtrico e conservadores sorbato de pot\u00e1ssio, benzoato de s\u00f3dio e metabissulfito de s\u00f3dio. N\u00c3O CONT\u00c9M GL\u00daTEN. Conserva\u00e7\u00e3o: Manter o recipiente em local fresco, arejado e sombreado. Ap\u00f3s aberto conservar sob refrigera\u00e7\u00e3o na embalagem para consumo em at\u00e9 15 dias.<\/p>","protected":false},"featured_media":5365,"template":"","meta":[],"product_cat":[78,197],"product_tag":[],"aioseo_notices":[],"_links":{"self":[{"href":"https:\/\/pramesa.com.br\/en\/wp-json\/wp\/v2\/product\/5247"}],"collection":[{"href":"https:\/\/pramesa.com.br\/en\/wp-json\/wp\/v2\/product"}],"about":[{"href":"https:\/\/pramesa.com.br\/en\/wp-json\/wp\/v2\/types\/product"}],"wp:featuredmedia":[{"embeddable":true,"href":"https:\/\/pramesa.com.br\/en\/wp-json\/wp\/v2\/media\/5365"}],"wp:attachment":[{"href":"https:\/\/pramesa.com.br\/en\/wp-json\/wp\/v2\/media?parent=5247"}],"wp:term":[{"taxonomy":"product_cat","embeddable":true,"href":"https:\/\/pramesa.com.br\/en\/wp-json\/wp\/v2\/product_cat?post=5247"},{"taxonomy":"product_tag","embeddable":true,"href":"https:\/\/pramesa.com.br\/en\/wp-json\/wp\/v2\/product_tag?post=5247"}],"curies":[{"name":"wp","href":"https:\/\/api.w.org\/{rel}","templated":true}]}}