{"id":5240,"date":"2023-01-18T11:52:21","date_gmt":"2023-01-18T14:52:21","guid":{"rendered":"http:\/\/102.165.25.14\/~pramesacom\/?post_type=product&#038;p=5240"},"modified":"2025-07-18T13:47:46","modified_gmt":"2025-07-18T16:47:46","slug":"batata-palha-tradicional-100g","status":"publish","type":"product","link":"https:\/\/pramesa.com.br\/en\/product\/batata-palha-tradicional-100g\/","title":{"rendered":"Batata Palha Tradicional 100g"},"content":{"rendered":"<h2 class=\"wp-block-heading\">NUTRITIONAL INFORMATION<\/h2>\r\n\r\n\r\n\r\n<p>Por\u00e7\u00e3o de 20g (1\/2 x\u00edcara de ch\u00e1)<\/p>\r\n\r\n\r\n\r\n<figure class=\"wp-block-table\">\r\n<table>\r\n<tbody>\r\n<tr>\r\n<td class=\"has-text-align-left\" data-align=\"left\">Por\u00e7\u00f5es por embalagem: 4<br \/>Por\u00e7\u00e3o: 25g (1\/2 x\u00edcara de ch\u00e1)<\/td>\r\n<td>\u00a0<\/td>\r\n<td>\u00a0<\/td>\r\n<td>\u00a0<\/td>\r\n<\/tr>\r\n<tr>\r\n<td class=\"has-text-align-left\" data-align=\"left\">\u00a0<\/td>\r\n<td>100g<\/td>\r\n<td>25g<\/td>\r\n<td>% VD*<\/td>\r\n<\/tr>\r\n<tr>\r\n<td class=\"has-text-align-left\" data-align=\"left\">Valor Energ\u00e9tico (kcal)<\/td>\r\n<td>551<\/td>\r\n<td>137<\/td>\r\n<td>7<\/td>\r\n<\/tr>\r\n<tr>\r\n<td class=\"has-text-align-left\" data-align=\"left\">Carboidratos (g)<\/td>\r\n<td>48<\/td>\r\n<td>12<\/td>\r\n<td>4<\/td>\r\n<\/tr>\r\n<tr>\r\n<td class=\"has-text-align-left\" data-align=\"left\">Prote\u00ednas (g)<\/td>\r\n<td>6,4<\/td>\r\n<td>1,6<\/td>\r\n<td>3<\/td>\r\n<\/tr>\r\n<tr>\r\n<td class=\"has-text-align-left\" data-align=\"left\">Gorduras Totais (g)<\/td>\r\n<td>37<\/td>\r\n<td>9,2<\/td>\r\n<td>14<\/td>\r\n<\/tr>\r\n<tr>\r\n<td class=\"has-text-align-left\" data-align=\"left\">Gorduras Saturadas (g)<\/td>\r\n<td>18<\/td>\r\n<td>4,6<\/td>\r\n<td>23<\/td>\r\n<\/tr>\r\n<tr>\r\n<td class=\"has-text-align-left\" data-align=\"left\">Firbas Alimentares (g)<\/td>\r\n<td>3,6<\/td>\r\n<td>0,9<\/td>\r\n<td>4<\/td>\r\n<\/tr>\r\n<tr>\r\n<td class=\"has-text-align-left\" data-align=\"left\">S\u00f3dio (mg)<\/td>\r\n<td>1716<\/td>\r\n<td>79<\/td>\r\n<td>4<\/td>\r\n<\/tr>\r\n<\/tbody>\r\n<\/table>\r\n<figcaption class=\"wp-element-caption\">*Percentual de valores di\u00e1rios fornecidos pela por\u00e7\u00e3o.<\/figcaption>\r\n<\/figure>","protected":false},"excerpt":{"rendered":"<p>Ingredientes: batata, gordura vegetal, sal e real\u00e7ador de sabor glutamato monoss\u00f3dico. CONT\u00c9M GL\u00daTEN. AL\u00c9RGICOS: PODE CONTER TRIGO, SOJA E DERIVADOS DO LEITE. Conserva\u00e7\u00e3o: ap\u00f3s aberto, manter a embalagem fechada em local fresco, seco e inodoro.<\/p>","protected":false},"featured_media":7535,"template":"","meta":[],"product_cat":[197],"product_tag":[],"aioseo_notices":[],"_links":{"self":[{"href":"https:\/\/pramesa.com.br\/en\/wp-json\/wp\/v2\/product\/5240"}],"collection":[{"href":"https:\/\/pramesa.com.br\/en\/wp-json\/wp\/v2\/product"}],"about":[{"href":"https:\/\/pramesa.com.br\/en\/wp-json\/wp\/v2\/types\/product"}],"wp:featuredmedia":[{"embeddable":true,"href":"https:\/\/pramesa.com.br\/en\/wp-json\/wp\/v2\/media\/7535"}],"wp:attachment":[{"href":"https:\/\/pramesa.com.br\/en\/wp-json\/wp\/v2\/media?parent=5240"}],"wp:term":[{"taxonomy":"product_cat","embeddable":true,"href":"https:\/\/pramesa.com.br\/en\/wp-json\/wp\/v2\/product_cat?post=5240"},{"taxonomy":"product_tag","embeddable":true,"href":"https:\/\/pramesa.com.br\/en\/wp-json\/wp\/v2\/product_tag?post=5240"}],"curies":[{"name":"wp","href":"https:\/\/api.w.org\/{rel}","templated":true}]}}