{"id":5148,"date":"2023-01-16T14:45:22","date_gmt":"2023-01-16T17:45:22","guid":{"rendered":"http:\/\/102.165.25.14\/~pramesacom\/?post_type=product&#038;p=5148"},"modified":"2026-04-10T16:05:26","modified_gmt":"2026-04-10T19:05:26","slug":"extrato-de-tomate-840g","status":"publish","type":"product","link":"https:\/\/pramesa.com.br\/en\/product\/extrato-de-tomate-840g\/","title":{"rendered":"Extrato de Tomate 840g"},"content":{"rendered":"<h2 class=\"wp-block-heading\">NUTRITIONAL INFORMATION<\/h2>\r\n\r\n\r\n\r\n<p>Por\u00e7\u00e3o de 60g (3 colheres de sopa)<\/p>\r\n\r\n\r\n\r\n<figure class=\"wp-block-table\">\r\n<table>\r\n<tbody>\r\n<tr>\r\n<td class=\"has-text-align-left\" data-align=\"left\">Por\u00e7\u00f5es por embalagem: 5<br \/>Por\u00e7\u00e3o: 60g (3 colheres de sopa)<\/td>\r\n<td>\u00a0<\/td>\r\n<td>\u00a0<\/td>\r\n<td>\u00a0<\/td>\r\n<\/tr>\r\n<tr>\r\n<td class=\"has-text-align-left\" data-align=\"left\">\u00a0<\/td>\r\n<td>100g<\/td>\r\n<td>60g<\/td>\r\n<td>% VD*<\/td>\r\n<\/tr>\r\n<tr>\r\n<td class=\"has-text-align-left\" data-align=\"left\">Valor Energ\u00e9tico (kcal)<\/td>\r\n<td>36<\/td>\r\n<td>22<\/td>\r\n<td>1<\/td>\r\n<\/tr>\r\n<tr>\r\n<td class=\"has-text-align-left\" data-align=\"left\">Carboidratos (g)<\/td>\r\n<td>7,9<\/td>\r\n<td>4,7<\/td>\r\n<td>2<\/td>\r\n<\/tr>\r\n<tr>\r\n<td class=\"has-text-align-left\" data-align=\"left\">A\u00e7\u00facares Totais (g)<\/td>\r\n<td>6,3<\/td>\r\n<td>3,8<\/td>\r\n<td>\u00a0<\/td>\r\n<\/tr>\r\n<tr>\r\n<td class=\"has-text-align-left\" data-align=\"left\">A\u00e7\u00facares Adicionados (g)<\/td>\r\n<td>1<\/td>\r\n<td>0,7<\/td>\r\n<td>1<\/td>\r\n<\/tr>\r\n<tr>\r\n<td class=\"has-text-align-left\" data-align=\"left\">Prote\u00ednas (g)<\/td>\r\n<td>1,1<\/td>\r\n<td>0,7<\/td>\r\n<td>1<\/td>\r\n<\/tr>\r\n<tr>\r\n<td class=\"has-text-align-left\" data-align=\"left\">S\u00f3dio (mg)<\/td>\r\n<td>426<\/td>\r\n<td>255<\/td>\r\n<td>13<\/td>\r\n<\/tr>\r\n<\/tbody>\r\n<\/table>\r\n<figcaption class=\"wp-element-caption\">N\u00e3o cont\u00e9m quantidades significativas de gorduras totais, gorduras saturadas, gorduras trans e fibras alimentares.<br \/>*Percentual de valores di\u00e1rios fornecidos pela por\u00e7\u00e3o.<\/figcaption>\r\n<\/figure>","protected":false},"excerpt":{"rendered":"<p>Ingredientes: tomate, sal e a\u00e7\u00facar. N\u00c3O CONT\u00c9N GL\u00daTEN. AL\u00c9RGICOS: CONT\u00c9M DERIVADOS DE SOJA. Conserva\u00e7\u00e3o: Conservar em local fresco e sombreado. Ap\u00f3s aberto, manter sob refrigera\u00e7\u00e3o e consumir em at\u00e9 5 dias.<\/p>","protected":false},"featured_media":7650,"template":"","meta":[],"product_cat":[73,81],"product_tag":[],"aioseo_notices":[],"_links":{"self":[{"href":"https:\/\/pramesa.com.br\/en\/wp-json\/wp\/v2\/product\/5148"}],"collection":[{"href":"https:\/\/pramesa.com.br\/en\/wp-json\/wp\/v2\/product"}],"about":[{"href":"https:\/\/pramesa.com.br\/en\/wp-json\/wp\/v2\/types\/product"}],"wp:featuredmedia":[{"embeddable":true,"href":"https:\/\/pramesa.com.br\/en\/wp-json\/wp\/v2\/media\/7650"}],"wp:attachment":[{"href":"https:\/\/pramesa.com.br\/en\/wp-json\/wp\/v2\/media?parent=5148"}],"wp:term":[{"taxonomy":"product_cat","embeddable":true,"href":"https:\/\/pramesa.com.br\/en\/wp-json\/wp\/v2\/product_cat?post=5148"},{"taxonomy":"product_tag","embeddable":true,"href":"https:\/\/pramesa.com.br\/en\/wp-json\/wp\/v2\/product_tag?post=5148"}],"curies":[{"name":"wp","href":"https:\/\/api.w.org\/{rel}","templated":true}]}}